{"id":436,"date":"2023-12-19T09:52:20","date_gmt":"2023-12-19T09:52:20","guid":{"rendered":"https:\/\/debrecenapartmanok.hu\/?page_id=436"},"modified":"2024-01-22T14:56:00","modified_gmt":"2024-01-22T14:56:00","slug":"impresszum","status":"publish","type":"page","link":"https:\/\/debrecenapartmanok.hu\/en\/impresszum\/","title":{"rendered":"Imprint"},"content":{"rendered":"<div data-elementor-type=\"wp-page\" data-elementor-id=\"436\" class=\"elementor elementor-436\" data-elementor-post-type=\"page\">\n\t\t\t\t\t\t<section class=\"elementor-section elementor-top-section elementor-element elementor-element-232592ec elementor-section-full_width elementor-section-items-stretch elementor-section-content-middle elementor-section-height-min-height elementor-section-height-default\" data-id=\"232592ec\" data-element_type=\"section\" data-e-type=\"section\">\n\t\t\t\t\t\t<div class=\"elementor-container elementor-column-gap-no\">\n\t\t\t\t\t<div class=\"elementor-column elementor-col-50 elementor-top-column elementor-element elementor-element-25c09dc1\" data-id=\"25c09dc1\" data-element_type=\"column\" data-e-type=\"column\">\n\t\t\t<div class=\"elementor-widget-wrap elementor-element-populated\">\n\t\t\t\t\t\t<div class=\"elementor-element elementor-element-4f8550ee elementor-invisible elementor-widget elementor-widget-heading\" data-id=\"4f8550ee\" data-element_type=\"widget\" data-e-type=\"widget\" data-settings=\"{&quot;_animation&quot;:&quot;fadeInUp&quot;}\" data-widget_type=\"heading.default\">\n\t\t\t\t<div class=\"elementor-widget-container\">\n\t\t\t\t\t<h1 class=\"elementor-heading-title elementor-size-default\">Imprint<\/h1>\t\t\t\t<\/div>\n\t\t\t\t<\/div>\n\t\t\t\t<div class=\"elementor-element elementor-element-2b68825e elementor-widget__width-initial elementor-widget elementor-widget-text-editor\" data-id=\"2b68825e\" data-element_type=\"widget\" data-e-type=\"widget\" data-widget_type=\"text-editor.default\">\n\t\t\t\t<div class=\"elementor-widget-container\">\n\t\t\t\t\t\t\t\t\t<p><strong>Name of accommodation: Visit Debrecen 1 Apartment<\/strong><span style=\"font-weight: 400;\"><br \/><\/span><span style=\"font-weight: 400;\"><br \/><\/span><span style=\"font-weight: 400;\">Address: 4026 Debrecen, Piac u. 10. II. em. 2.<\/span><span style=\"font-weight: 400;\"><br \/><\/span><span style=\"font-weight: 400;\"><br \/><\/span><span style=\"font-weight: 400;\">NTAK Accommodation registration number: <\/span><b>MA22047507<\/b><span style=\"font-weight: 400;\"><br \/><\/span><span style=\"font-weight: 400;\"><br \/><\/span><span style=\"font-weight: 400;\">Operator: Dr. Erika Bakonyin\u00e9 T\u00f3th<\/span><span style=\"font-weight: 400;\"><br \/><\/span><span style=\"font-weight: 400;\"><br \/><\/span><span style=\"font-weight: 400;\">Tax number: 72576746-1-29<\/span><\/p><p>\u00a0<\/p><p><strong>Name of accommodation: Visit Debrecen 3 Apartment and Visit Debrecen 4 Apartment<\/strong><span style=\"font-weight: 400;\"><br \/><\/span><span style=\"font-weight: 400;\"><br \/><\/span><span style=\"font-weight: 400;\">Address: 4026 Debrecen, Piac u. 10. II. em. 1.<\/span><span style=\"font-weight: 400;\"><br \/><\/span><span style=\"font-weight: 400;\"><br \/><\/span><span style=\"font-weight: 400;\">NTAK Accommodation registration number: <\/span><b>MA23075371<\/b><span style=\"font-weight: 400;\"><br \/><\/span><span style=\"font-weight: 400;\"><br \/><\/span><span style=\"font-weight: 400;\">Operator: Dr. Tibor Bakonyi<\/span><\/p><p><span style=\"font-weight: 400;\"><br \/><\/span><span style=\"font-weight: 400;\">Tax number: 59326210-1-29<\/span><br \/><br \/><br \/>The website was created by\u00a0<a href=\"https:\/\/heimconsulting.hu\/\">HeimConsulting<\/a>\u00a0with love.<\/p>\t\t\t\t\t\t\t\t<\/div>\n\t\t\t\t<\/div>\n\t\t\t\t\t<\/div>\n\t\t<\/div>\n\t\t\t\t<div class=\"elementor-column elementor-col-50 elementor-top-column elementor-element elementor-element-11351133\" data-id=\"11351133\" data-element_type=\"column\" data-e-type=\"column\" data-settings=\"{&quot;background_background&quot;:&quot;classic&quot;}\">\n\t\t\t<div class=\"elementor-widget-wrap elementor-element-populated\">\n\t\t\t\t\t<div class=\"elementor-background-overlay\"><\/div>\n\t\t\t\t\t\t<div class=\"elementor-element elementor-element-3485e27 elementor-widget elementor-widget-spacer\" data-id=\"3485e27\" data-element_type=\"widget\" data-e-type=\"widget\" data-widget_type=\"spacer.default\">\n\t\t\t\t<div class=\"elementor-widget-container\">\n\t\t\t\t\t\t\t<div class=\"elementor-spacer\">\n\t\t\t<div class=\"elementor-spacer-inner\"><\/div>\n\t\t<\/div>\n\t\t\t\t\t\t<\/div>\n\t\t\t\t<\/div>\n\t\t\t\t\t<\/div>\n\t\t<\/div>\n\t\t\t\t\t<\/div>\n\t\t<\/section>\n\t\t\t\t<\/div>","protected":false},"excerpt":{"rendered":"<p>Impresszum Sz\u00e1ll\u00e1shely megnevez\u00e9se: Visit Debrecen 1 Apartman C\u00edm:\u00a0 4026 Debrecen, Piac u. 10. II. em. 2. NTAK Sz\u00e1ll\u00e1s regisztr\u00e1ci\u00f3s sz\u00e1m: MA22047507 \u00dczemeltet\u0151: Dr. Bakonyin\u00e9 T\u00f3th Erika Ad\u00f3sz\u00e1m: 72576746-1-29 \u00a0 Sz\u00e1ll\u00e1shely megnevez\u00e9se: Visit Debrecen 3 Apartman \u00e9s Visit Debrecen 4 Apartman C\u00edm:\u00a0 4026 Debrecen, Piac u. 10. II. em. 1. NTAK Sz\u00e1ll\u00e1s regisztr\u00e1ci\u00f3s sz\u00e1m: MA23075371 \u00dczemeltet\u0151: [&hellip;]<\/p>\n","protected":false},"author":1,"featured_media":0,"parent":0,"menu_order":0,"comment_status":"closed","ping_status":"closed","template":"","meta":{"footnotes":""},"class_list":["post-436","page","type-page","status-publish","hentry"],"_links":{"self":[{"href":"https:\/\/debrecenapartmanok.hu\/en\/wp-json\/wp\/v2\/pages\/436","targetHints":{"allow":["GET"]}}],"collection":[{"href":"https:\/\/debrecenapartmanok.hu\/en\/wp-json\/wp\/v2\/pages"}],"about":[{"href":"https:\/\/debrecenapartmanok.hu\/en\/wp-json\/wp\/v2\/types\/page"}],"author":[{"embeddable":true,"href":"https:\/\/debrecenapartmanok.hu\/en\/wp-json\/wp\/v2\/users\/1"}],"replies":[{"embeddable":true,"href":"https:\/\/debrecenapartmanok.hu\/en\/wp-json\/wp\/v2\/comments?post=436"}],"version-history":[{"count":0,"href":"https:\/\/debrecenapartmanok.hu\/en\/wp-json\/wp\/v2\/pages\/436\/revisions"}],"wp:attachment":[{"href":"https:\/\/debrecenapartmanok.hu\/en\/wp-json\/wp\/v2\/media?parent=436"}],"curies":[{"name":"wp","href":"https:\/\/api.w.org\/{rel}","templated":true}]}}